{"id":335,"date":"2024-07-06T14:20:15","date_gmt":"2024-07-06T14:20:15","guid":{"rendered":"https:\/\/www.hannelore-rexroth.de\/?page_id=335"},"modified":"2026-03-13T18:09:05","modified_gmt":"2026-03-13T18:09:05","slug":"heilpraktikerin","status":"publish","type":"page","link":"https:\/\/www.hannelore-rexroth.de\/?page_id=335","title":{"rendered":"Heilpraktikerin"},"content":{"rendered":"\n<p>Im April 2024 habe ich erfolgreich meine Pr\u00fcfung zur Heilpraktikerin beim Gesundheitsamt in Heppenheim bestanden. Eine eigene Praxis (<a href=\"https:\/\/gesund-leben-praxis.de\/\">www.gesund-leben-praxis.de<\/a>) ist aktuell in der Planung.<\/p>\n\n\n\n<p>Ich m\u00f6chte Menschen unterst\u00fctzen f\u00fcr mehr Freude und Gesundheit im Leben.<\/p>\n\n\n\n<p>Meine Schwerpunktthemen sind <\/p>\n\n\n\n<ul class=\"wp-block-list\">\n<li>Gesundheitsf\u00f6rderung und Pr\u00e4vention, <\/li>\n\n\n\n<li>Ganzheitliche Ern\u00e4hrungstherapie,<\/li>\n\n\n\n<li>Probleme des Magen- Darmtraktes und Psychomikrobiom, <\/li>\n\n\n\n<li>Muskel- und Gelenkbeschwerden<\/li>\n\n\n\n<li>Anwendungen von Bienenprodukten <\/li>\n<\/ul>\n\n\n\n<p>Aktuell biete ich Vortr\u00e4ge bei der <a href=\"https:\/\/www.kvhs-bergstrasse.de\/\">Kreisvolkshochschule (KVHS)<\/a> in Heppenheim an,<br>\u00fcber verschiedene Ern\u00e4hrungsthemen, wie:<\/p>\n\n\n\n<ul class=\"wp-block-list\">\n<li>Ern\u00e4hrung im Alter \/Longevity (Gesund alt werden)<\/li>\n\n\n\n<li>Ern\u00e4hrung und Psyche<\/li>\n\n\n\n<li>Ern\u00e4hrung und Demenz<\/li>\n<\/ul>\n\n\n\n<p>Au\u00dferdem biete ich zuk\u00fcnftig sanfte und einf\u00fchlsame Muskelentspannung nach der <a href=\"https:\/\/www.emmett-therapy.com\/de\/die-methode\">Emmett(R) Technique <\/a>an.<\/p>\n\n\n\n<figure class=\"wp-block-image size-large is-resized\"><img loading=\"lazy\" decoding=\"async\" width=\"1024\" height=\"576\" src=\"https:\/\/www.hannelore-rexroth.de\/wp-content\/uploads\/2020\/01\/DSC04049-1024x576.jpg\" alt=\"\" class=\"wp-image-9\" style=\"width:347px;height:auto\" srcset=\"https:\/\/www.hannelore-rexroth.de\/wp-content\/uploads\/2020\/01\/DSC04049-1024x576.jpg 1024w, https:\/\/www.hannelore-rexroth.de\/wp-content\/uploads\/2020\/01\/DSC04049-300x169.jpg 300w, https:\/\/www.hannelore-rexroth.de\/wp-content\/uploads\/2020\/01\/DSC04049-768x432.jpg 768w, https:\/\/www.hannelore-rexroth.de\/wp-content\/uploads\/2020\/01\/DSC04049-1536x865.jpg 1536w, https:\/\/www.hannelore-rexroth.de\/wp-content\/uploads\/2020\/01\/DSC04049-2048x1153.jpg 2048w, https:\/\/www.hannelore-rexroth.de\/wp-content\/uploads\/2020\/01\/DSC04049-1140x642.jpg 1140w\" sizes=\"auto, (max-width: 1024px) 100vw, 1024px\" \/><\/figure>\n\n\n\n<p>(Dieser Bereich ist noch im Aufbau)<\/p>\n","protected":false},"excerpt":{"rendered":"<p>Im April 2024 habe ich erfolgreich meine Pr\u00fcfung zur Heilpraktikerin beim Gesundheitsamt in Heppenheim bestanden. Eine eigene Praxis (www.gesund-leben-praxis.de) ist aktuell in der Planung. Ich m\u00f6chte Menschen unterst\u00fctzen f\u00fcr mehr Freude und Gesundheit im Leben. Meine Schwerpunktthemen sind Aktuell biete ich Vortr\u00e4ge bei der Kreisvolkshochschule (KVHS) in Heppenheim an,\u00fcber verschiedene Ern\u00e4hrungsthemen, wie: Au\u00dferdem biete ich zuk\u00fcnftig sanfte und einf\u00fchlsame Muskelentspannung nach der Emmett(R) Technique an. (Dieser Bereich ist noch im Aufbau)<\/p>\n","protected":false},"author":1,"featured_media":9,"parent":49,"menu_order":0,"comment_status":"closed","ping_status":"closed","template":"","meta":{"footnotes":""},"class_list":["post-335","page","type-page","status-publish","has-post-thumbnail","hentry"],"_links":{"self":[{"href":"https:\/\/www.hannelore-rexroth.de\/index.php?rest_route=\/wp\/v2\/pages\/335","targetHints":{"allow":["GET"]}}],"collection":[{"href":"https:\/\/www.hannelore-rexroth.de\/index.php?rest_route=\/wp\/v2\/pages"}],"about":[{"href":"https:\/\/www.hannelore-rexroth.de\/index.php?rest_route=\/wp\/v2\/types\/page"}],"author":[{"embeddable":true,"href":"https:\/\/www.hannelore-rexroth.de\/index.php?rest_route=\/wp\/v2\/users\/1"}],"replies":[{"embeddable":true,"href":"https:\/\/www.hannelore-rexroth.de\/index.php?rest_route=%2Fwp%2Fv2%2Fcomments&post=335"}],"version-history":[{"count":9,"href":"https:\/\/www.hannelore-rexroth.de\/index.php?rest_route=\/wp\/v2\/pages\/335\/revisions"}],"predecessor-version":[{"id":412,"href":"https:\/\/www.hannelore-rexroth.de\/index.php?rest_route=\/wp\/v2\/pages\/335\/revisions\/412"}],"up":[{"embeddable":true,"href":"https:\/\/www.hannelore-rexroth.de\/index.php?rest_route=\/wp\/v2\/pages\/49"}],"wp:featuredmedia":[{"embeddable":true,"href":"https:\/\/www.hannelore-rexroth.de\/index.php?rest_route=\/wp\/v2\/media\/9"}],"wp:attachment":[{"href":"https:\/\/www.hannelore-rexroth.de\/index.php?rest_route=%2Fwp%2Fv2%2Fmedia&parent=335"}],"curies":[{"name":"wp","href":"https:\/\/api.w.org\/{rel}","templated":true}]}}