{"id":22,"date":"2020-02-02T10:04:26","date_gmt":"2020-02-02T10:04:26","guid":{"rendered":"https:\/\/www.hannelore-rexroth.de\/?page_id=22"},"modified":"2023-01-09T18:46:21","modified_gmt":"2023-01-09T18:46:21","slug":"publikationen","status":"publish","type":"page","link":"https:\/\/www.hannelore-rexroth.de\/?page_id=22","title":{"rendered":"Publiziert."},"content":{"rendered":"\n<div class=\"wp-block-media-text alignwide is-stacked-on-mobile is-image-fill\" style=\"grid-template-columns:35% auto\"><figure class=\"wp-block-media-text__media\" style=\"background-image:url(https:\/\/www.hannelore-rexroth.de\/wp-content\/uploads\/2020\/02\/175A8B75-38F2-41EC-91AA-21DE509C3772.jpeg);background-position:50% 50%\"><img loading=\"lazy\" decoding=\"async\" width=\"227\" height=\"320\" src=\"https:\/\/www.hannelore-rexroth.de\/wp-content\/uploads\/2020\/02\/175A8B75-38F2-41EC-91AA-21DE509C3772.jpeg\" alt=\"\" class=\"wp-image-124 size-full\" srcset=\"https:\/\/www.hannelore-rexroth.de\/wp-content\/uploads\/2020\/02\/175A8B75-38F2-41EC-91AA-21DE509C3772.jpeg 227w, https:\/\/www.hannelore-rexroth.de\/wp-content\/uploads\/2020\/02\/175A8B75-38F2-41EC-91AA-21DE509C3772-213x300.jpeg 213w\" sizes=\"auto, (max-width: 227px) 100vw, 227px\" \/><\/figure><div class=\"wp-block-media-text__content\">\n<p><a href=\"https:\/\/www.amazon.de\/AGAPLESION-WISSEN-Demenz-gemeinn\u00fctzige-Aktiengesellschaft\/dp\/3936527377\">AGAPLESION WISSEN: Demenz&nbsp;(Deutsch<\/a>)&nbsp;Taschenbuch&nbsp;\u2013 1. Januar 2014<\/p>\n\n\n\n<p>von&nbsp;AGAPLESION gemeinn\u00fctzige Aktiengesellschaft&nbsp;(Herausgeber), Hannelore Rexroth(Autor),&nbsp;Frank Eibisch&nbsp;(Autor),&nbsp;Brunhilde Merk&nbsp;(Autor)<\/p>\n\n\n\n<p>AGAPLESION WISSEN ist eine neue Schriftenreihe des Gesundheitsunternehmens AGAPLESION. Die erste Ausgabe widmet sich dem Thema Demenz. Ein besonderer Schwerpunkt der Arbeit in den bundesweit rund hundert Einrichtungen des Konzerns gilt von jeher der Behandlung und Pflege \u00e4lterer Menschen. Das vorliegende Themenheft fasst medizinische, pflegerische, therapeutische und seelsorgerische Erfahrungen, Konzepte und Angebote f\u00fcr Menschen mit Demenz zusammen.<\/p>\n<\/div><\/div>\n\n\n\n<div style=\"height:100px\" aria-hidden=\"true\" class=\"wp-block-spacer\"><\/div>\n\n\n\n<div class=\"wp-block-media-text alignwide is-stacked-on-mobile is-image-fill\" style=\"grid-template-columns:26% auto\"><figure class=\"wp-block-media-text__media\" style=\"background-image:url(https:\/\/www.hannelore-rexroth.de\/wp-content\/uploads\/2020\/02\/B32E659B-E37F-48E7-BCAE-87E27D240556.jpeg);background-position:50% 30%\"><img loading=\"lazy\" decoding=\"async\" width=\"128\" height=\"188\" src=\"https:\/\/www.hannelore-rexroth.de\/wp-content\/uploads\/2020\/02\/B32E659B-E37F-48E7-BCAE-87E27D240556.jpeg\" alt=\"\" class=\"wp-image-170 size-full\"\/><\/figure><div class=\"wp-block-media-text__content\">\n<p class=\"has-normal-font-size\"><a href=\"https:\/\/www.fachbuchdirekt.de\/Management-des-hauswirtschaftlichen-Dienstleistungsbetriebes\">Management des hauswirtschaftlichen Dienstleistungsbetriebs<\/a><\/p>\n\n\n\n<p>Deutsche Gesellschaft f\u00fcr Hauswirtschaft Fachausschuss Hauswirtschaftliche Dienstleistungsbetriebe (Herausgeber)<\/p>\n\n\n\n<p>Verlag Neuer Merkur GmbH, 2007<br>ISBN <a href=\"tel:3937346384\">3937346384<\/a>, 9783937346380<\/p>\n<\/div><\/div>\n\n\n\n<div style=\"height:100px\" aria-hidden=\"true\" class=\"wp-block-spacer\"><\/div>\n\n\n\n<h2 class=\"wp-block-heading\">2000-2005<\/h2>\n\n\n\n<p>Management des hauswirtschaftlichen Dienstleistungsbetriebs\u201c; Fachausschuss Gro\u00dfhaushalt der Deutschen Gesellschaft f\u00fcr Hauswirtschaft (Hrsg.); 1. Auflage 2004. Kapitel: Leistungserstellungswirtschaft, Seite 224 \u2013 256;  Kapitel: Verpflegungsbereich, Seite 277 \u2013 300. <\/p>\n\n\n\n<p>\u201eViele Impulse und Ideen\u201c; Baumann Fachverlag, KU-Sonderheft <\/p>\n\n\n\n<p>\u201eQualit\u00e4t durch Werte\u201c, Heft 4, 2003, Seite 66.  <\/p>\n\n\n\n<p>\u201eOutcourcing der Heimk\u00fcche im Bereich Altenhilfe\u201c; Vincentz-Verlag, 2002, 42. Erg\u00e4nzungslieferung von Heim aktuell \u2013 Hauswirtschaft\/ Verpflegung. <\/p>\n\n\n\n<p> \u201eTransparenz und Qualit\u00e4t im Krankenhaus\u201c; Infodienst Berufsverband Hauswirtschaft, Heft 5; Oktober 2002 <\/p>\n\n\n\n<h2 class=\"wp-block-heading\">1990 &#8211; 2000<\/h2>\n\n\n\n<p>Offener station\u00e4rer Mittagstisch&#8220; Heimleiter-Zeitung, Hrsg.: Heimleiterverband Nord, Jan. 1991  <\/p>\n\n\n\n<p>&#8222;Gemeinschaftsgastronomie in Einrichtungen der Altenhilfe&#8220; (Referat mit Workshop) Tagungsbericht der Evangelischen Akademie M\u00fchl\u00acheim\/Ruhr, Werte und Gesellschaft Wandeln &#8211; Konsequenzen f\u00fcr die Allt\u00e4gliche Versorgung, 18.-20.Nov. 1992 [34] <\/p>\n\n\n\n<p>&#8222;Qualit\u00e4tsmerkmale der Leistungen in Einrichtungen der Altenhilfe&#8220;, Deutschen Gesellschaft f\u00fcr Hauswirtschaft e.V. (Hrsg.): Fachaus\u00acschu\u00df Gro\u00dfhaushalt, Feb. 1993, Schneider Verlag. <\/p>\n\n\n\n<p>&#8222;Gemeinschaftsgastronomie: Kostenminimierung und Qualit\u00e4tsopti\u00acmierung&#8220;, Heim und Pflege, 10\/94, S.315-318. <\/p>\n\n\n\n<p>&#8222;Qualit\u00e4tsmanagement in der Gemeinschaftsverpflegung, Neue EWG-Hygienerichtlinien nach dem HACCP-System&#8220; (Seminar) Dia\u00ackonisches Werk der ev. Kirche im Rheinland, Referat Altenhilfe, Fortbildung f\u00fcr K\u00fcchenleiter. 01.\/02.02.95. <\/p>\n\n\n\n<p>&#8222;Neue EU-Hygienerichtlinien fordern transparente Qualit\u00e4tssiche\u00acrungsma\u00dfnahmen&#8220; (Referat), Verband der Diplom Oecotrophologen e.V. Jahrestagung am 12.\/13.05.95 <\/p>\n\n\n\n<p>Qualit\u00e4tssicherung-Im K\u00fcchenbereich eine Frage der Wahl oder ein Mu\u00df?&#8220; (Seminar), Diakonisches Werk der ev.Kirche im Rheinland, Referat Altenhilfe, Fortbildung f\u00fcr Heimleiter. 14.09.1995 <\/p>\n\n\n\n<p>&#8222;Qualit\u00e4tssicherung nach HACCP; Was nicht dokumentiert ist, ist nicht existent&#8220;; rationelle hauswirtschaft, XXXII, 09\/1995, S. 11-13. <\/p>\n\n\n\n<p>&#8222;Qualit\u00e4tsmanagement in der Gemeinschaftsgastronomie&#8220;, Lehrerfortbildung der Liebfrauenschule in Geldern, 27.06.96.<\/p>\n\n\n\n<p> &#8222;Outsourcing oder Eigenregie? Aspekte zum Gro\u00dfk\u00fcchenmanagment in der Altenhilfe&#8220;, GV-Kompakt, 7-8\/96, S. 27-29.  <\/p>\n\n\n\n<p>\u201eFastfood oder Gourmet-Men\u00fc? Marketingstrategien in der Altenhilfe\u201c, rationelle hauswirtschaft, XXXIII, 09\/96, S. 20-21. <\/p>\n\n\n\n<p>\u201eZertifizierung in der Gemeinschaftsgastronomie\u201c (Referat und Workshop) Tagung der evang. Akademie, M\u00fclhiem\/Ruhr: Hauswirtschaft in Norm-Enorm?! 02.-04.Okt.96 [26].  <\/p>\n\n\n\n<p>\u201eKnow-how und How-to-do &#8211; Zertifizierung im Lebensmittelbereich\u201c, rationelle hauswirtschaft, XXXIII, 12\/96, S. 24-26. <\/p>\n\n\n\n<p> \u201eKundenbegeisterung durch kreative Mitarbeiter\u201c, GV-Kompakt, 1\/97, S. 50-51. <\/p>\n\n\n\n<p> \u201eManagement mit EDV &#8211; Zukunftsorientiertes Management in der Gemeinschaftsverpflegung braucht EDV\u201c, Vincentz-Verlag, Altenheim, Supplement K\u00fcche im Altenheim, 1\/97, S.2-6.  <\/p>\n\n\n\n<p>\u201eEDV f\u00fcr zukunftgerichtetes Management &#8211; Wirtschaftlichkeit und  Leistungsverbesserung vorprogrammiert\u201c, Kochpraxis und Gemein schaftsverpflegung, 2\/97, 45.Jhrg., S. 17 &#8211; 21. <\/p>\n\n\n\n<p>Zehnk\u00e4mpfer im Umbruch\u201c, rationelle hauswirtschaft, XXXIV, 4\/97, S. 14.<\/p>\n\n\n\n<p>  \u201eLeistungsqualit\u00e4t in der Verpflegung\u201c, Vincentz-Verlag, Altenheim, Supplement K\u00fcche im Altenheim, 4\/97, S. 8-10 <\/p>\n\n\n\n<p>\u201eZwischen Wirtschaftlichkeit und sozialer Verantwortung\u201c, rationelle hauswirtschaft, XXXIV, 5\/97, S. 31. <\/p>\n\n\n\n<p>\u201eMehr Frisches auf den Tisch\u201c, Vincentz-Verlag, Altenheim, Supplement K\u00fcche im Altenheim, 6\/97, S. 16 <\/p>\n\n\n\n<p>\u201eAuf Zukunft programmiert &#8211; EDV als Managementinstrument zur Qualit\u00e4tssicherung und Wirtschaftlichkeitskontrolle\u201c, Raabe-Verlag, Hauswirtschaft &amp; Management, Juni 97, EDV B 2.1, S. 1 -19<\/p>\n\n\n\n<p>  \u201eK\u00fcchenspezifische EDV-L\u00f6sungen: Mehr Transparenz und Wirtschaftlichkeit\u201c, Baumann-Verlag, H+P Special, Nr. 2, 7\/97, S. 8-12.  <\/p>\n\n\n\n<p>\u201eEDV f\u00fcr zukunftsgerichtetes Management in der Gemeinschaftsgastronomie\u201c, Hrsg.: Paul-Lemp-Stiftung, Marktchancen im Pflege- und Gesundheitswesen: innovative Dienstleitungesformen der Zukunft, Raabe Fachverl. f\u00fcr \u00d6ffentliche Verwaltung, 1997, S. 129-144. <\/p>\n\n\n\n<p> \u201eFreir\u00e4ume f\u00fcr Kreativit\u00e4t und Innovationsfreude schaffen.-K\u00fcchenspezifische Softwarel\u00f6sungen f\u00fcr Transparenz und Wirtschaftlichkeit in der Kliniksgastronomie\u201c: Supplement der Krankenhaus Umschau f\u00fcr den K\u00fcchenleiter, Essen + Trinken, Nr. 2-9\/97, S. 3-6.  <\/p>\n\n\n\n<p>\u201eEssen-ein Qualit\u00e4tsfaktor; Strategien f\u00fcr Senioreneinrichtungen\u201c, Raabe-Verlag, 24 Modernes K\u00fcchenmanagement 1998, H 3.4, S.1-22  <\/p>\n\n\n\n<p>\u201eLebensmittel Hygiene-Handbuch f\u00fcr station\u00e4re Soziale Einrichtung\u00acen\u201c Deutsche Caritasverband (Hrsg.); Juni 1998. Mitarbeit im Projekt als Mitglied des Fachbeirates. <\/p>\n","protected":false},"excerpt":{"rendered":"<p>AGAPLESION WISSEN: Demenz&nbsp;(Deutsch)&nbsp;Taschenbuch&nbsp;\u2013 1. Januar 2014 von&nbsp;AGAPLESION gemeinn\u00fctzige Aktiengesellschaft&nbsp;(Herausgeber), Hannelore Rexroth(Autor),&nbsp;Frank Eibisch&nbsp;(Autor),&nbsp;Brunhilde Merk&nbsp;(Autor) AGAPLESION WISSEN ist eine neue Schriftenreihe des Gesundheitsunternehmens AGAPLESION. Die erste Ausgabe widmet sich dem Thema Demenz. Ein besonderer Schwerpunkt der Arbeit in den bundesweit rund hundert Einrichtungen des Konzerns gilt von jeher der Behandlung und Pflege \u00e4lterer Menschen. Das vorliegende Themenheft fasst medizinische, pflegerische, therapeutische und seelsorgerische Erfahrungen, Konzepte und Angebote f\u00fcr Menschen mit Demenz zusammen. Management des hauswirtschaftlichen Dienstleistungsbetriebs Deutsche Gesellschaft f\u00fcr Hauswirtschaft Fachausschuss Hauswirtschaftliche Dienstleistungsbetriebe (Herausgeber) Verlag Neuer Merkur GmbH, 2007ISBN 3937346384, 9783937346380 2000-2005 Management des hauswirtschaftlichen Dienstleistungsbetriebs\u201c; Fachausschuss Gro\u00dfhaushalt der Deutschen Gesellschaft f\u00fcr Hauswirtschaft (Hrsg.); 1. Auflage 2004. Kapitel: Leistungserstellungswirtschaft, Seite 224 \u2013 256; Kapitel: Verpflegungsbereich, Seite 277 \u2013 300. \u201eViele Impulse und Ideen\u201c; Baumann Fachverlag, KU-Sonderheft \u201eQualit\u00e4t durch Werte\u201c, Heft 4, 2003, Seite 66. \u201eOutcourcing der Heimk\u00fcche im Bereich Altenhilfe\u201c; Vincentz-Verlag, 2002, 42. Erg\u00e4nzungslieferung von Heim aktuell \u2013 Hauswirtschaft\/ Verpflegung. \u201eTransparenz und Qualit\u00e4t im Krankenhaus\u201c; Infodienst Berufsverband Hauswirtschaft, Heft 5; Oktober 2002 1990 &#8211; 2000 Offener station\u00e4rer Mittagstisch&#8220; Heimleiter-Zeitung, Hrsg.: Heimleiterverband Nord, Jan. 1991 &#8222;Gemeinschaftsgastronomie in Einrichtungen der Altenhilfe&#8220; (Referat mit Workshop) Tagungsbericht der Evangelischen Akademie M\u00fchl\u00acheim\/Ruhr, Werte und Gesellschaft Wandeln &#8211; Konsequenzen f\u00fcr die Allt\u00e4gliche Versorgung, 18.-20.Nov. 1992 [34] &#8222;Qualit\u00e4tsmerkmale der Leistungen in Einrichtungen der Altenhilfe&#8220;, Deutschen Gesellschaft f\u00fcr Hauswirtschaft e.V. (Hrsg.): Fachaus\u00acschu\u00df Gro\u00dfhaushalt, Feb. 1993, Schneider Verlag. &#8222;Gemeinschaftsgastronomie: Kostenminimierung und Qualit\u00e4tsopti\u00acmierung&#8220;, Heim und Pflege, 10\/94, S.315-318. &#8222;Qualit\u00e4tsmanagement in der Gemeinschaftsverpflegung, Neue EWG-Hygienerichtlinien nach dem HACCP-System&#8220; (Seminar) Dia\u00ackonisches Werk der ev. Kirche im Rheinland, Referat Altenhilfe, Fortbildung f\u00fcr K\u00fcchenleiter. 01.\/02.02.95. &#8222;Neue EU-Hygienerichtlinien fordern transparente Qualit\u00e4tssiche\u00acrungsma\u00dfnahmen&#8220; (Referat), Verband der Diplom Oecotrophologen e.V. Jahrestagung am 12.\/13.05.95 Qualit\u00e4tssicherung-Im K\u00fcchenbereich eine Frage der Wahl oder ein Mu\u00df?&#8220; (Seminar), Diakonisches Werk der ev.Kirche im Rheinland, Referat Altenhilfe, Fortbildung f\u00fcr Heimleiter. 14.09.1995 &#8222;Qualit\u00e4tssicherung nach HACCP; Was nicht dokumentiert ist, ist nicht existent&#8220;; rationelle hauswirtschaft, XXXII, 09\/1995, S. 11-13. &#8222;Qualit\u00e4tsmanagement in der Gemeinschaftsgastronomie&#8220;, Lehrerfortbildung der Liebfrauenschule in Geldern, 27.06.96. &#8222;Outsourcing oder Eigenregie? Aspekte zum Gro\u00dfk\u00fcchenmanagment in der Altenhilfe&#8220;, GV-Kompakt, 7-8\/96, S. 27-29. \u201eFastfood oder Gourmet-Men\u00fc? Marketingstrategien in der Altenhilfe\u201c, rationelle hauswirtschaft, XXXIII, 09\/96, S. 20-21. \u201eZertifizierung in der Gemeinschaftsgastronomie\u201c (Referat und Workshop) Tagung der evang. Akademie, M\u00fclhiem\/Ruhr: Hauswirtschaft in Norm-Enorm?! 02.-04.Okt.96 [26]. \u201eKnow-how und How-to-do &#8211; Zertifizierung im Lebensmittelbereich\u201c, rationelle hauswirtschaft, XXXIII, 12\/96, S. 24-26. \u201eKundenbegeisterung durch kreative Mitarbeiter\u201c, GV-Kompakt, 1\/97, S. 50-51. \u201eManagement mit EDV &#8211; Zukunftsorientiertes Management in der Gemeinschaftsverpflegung braucht EDV\u201c, Vincentz-Verlag, Altenheim, Supplement K\u00fcche im Altenheim, 1\/97, S.2-6. \u201eEDV f\u00fcr zukunftgerichtetes Management &#8211; Wirtschaftlichkeit und Leistungsverbesserung vorprogrammiert\u201c, Kochpraxis und Gemein schaftsverpflegung, 2\/97, 45.Jhrg., S. 17 &#8211; 21. Zehnk\u00e4mpfer im Umbruch\u201c, rationelle hauswirtschaft, XXXIV, 4\/97, S. 14. \u201eLeistungsqualit\u00e4t in der Verpflegung\u201c, Vincentz-Verlag, Altenheim, Supplement K\u00fcche im Altenheim, 4\/97, S. 8-10 \u201eZwischen Wirtschaftlichkeit und sozialer Verantwortung\u201c, rationelle hauswirtschaft, XXXIV, 5\/97, S. 31. \u201eMehr Frisches auf den Tisch\u201c, Vincentz-Verlag, Altenheim, Supplement K\u00fcche im Altenheim, 6\/97, S. 16 \u201eAuf Zukunft programmiert &#8211; EDV als Managementinstrument zur Qualit\u00e4tssicherung und Wirtschaftlichkeitskontrolle\u201c, Raabe-Verlag, Hauswirtschaft &amp; Management, Juni 97, EDV B 2.1, S. 1 -19 \u201eK\u00fcchenspezifische EDV-L\u00f6sungen: Mehr Transparenz und Wirtschaftlichkeit\u201c, Baumann-Verlag, H+P Special, Nr. 2, 7\/97, S. 8-12. \u201eEDV f\u00fcr zukunftsgerichtetes Management in der Gemeinschaftsgastronomie\u201c, Hrsg.: Paul-Lemp-Stiftung, Marktchancen im Pflege- und Gesundheitswesen: innovative Dienstleitungesformen der Zukunft, Raabe Fachverl. f\u00fcr \u00d6ffentliche Verwaltung, 1997, S. 129-144. \u201eFreir\u00e4ume f\u00fcr Kreativit\u00e4t und Innovationsfreude schaffen.-K\u00fcchenspezifische Softwarel\u00f6sungen f\u00fcr Transparenz und Wirtschaftlichkeit in der Kliniksgastronomie\u201c: Supplement der Krankenhaus Umschau f\u00fcr den K\u00fcchenleiter, Essen + Trinken, Nr. 2-9\/97, S. 3-6. \u201eEssen-ein Qualit\u00e4tsfaktor; Strategien f\u00fcr Senioreneinrichtungen\u201c, Raabe-Verlag, 24 Modernes K\u00fcchenmanagement 1998, H 3.4, S.1-22 \u201eLebensmittel Hygiene-Handbuch f\u00fcr station\u00e4re Soziale Einrichtung\u00acen\u201c Deutsche Caritasverband (Hrsg.); Juni 1998. Mitarbeit im Projekt als Mitglied des Fachbeirates.<\/p>\n","protected":false},"author":1,"featured_media":0,"parent":0,"menu_order":0,"comment_status":"closed","ping_status":"closed","template":"","meta":{"footnotes":""},"class_list":["post-22","page","type-page","status-publish","hentry"],"_links":{"self":[{"href":"https:\/\/www.hannelore-rexroth.de\/index.php?rest_route=\/wp\/v2\/pages\/22","targetHints":{"allow":["GET"]}}],"collection":[{"href":"https:\/\/www.hannelore-rexroth.de\/index.php?rest_route=\/wp\/v2\/pages"}],"about":[{"href":"https:\/\/www.hannelore-rexroth.de\/index.php?rest_route=\/wp\/v2\/types\/page"}],"author":[{"embeddable":true,"href":"https:\/\/www.hannelore-rexroth.de\/index.php?rest_route=\/wp\/v2\/users\/1"}],"replies":[{"embeddable":true,"href":"https:\/\/www.hannelore-rexroth.de\/index.php?rest_route=%2Fwp%2Fv2%2Fcomments&post=22"}],"version-history":[{"count":33,"href":"https:\/\/www.hannelore-rexroth.de\/index.php?rest_route=\/wp\/v2\/pages\/22\/revisions"}],"predecessor-version":[{"id":328,"href":"https:\/\/www.hannelore-rexroth.de\/index.php?rest_route=\/wp\/v2\/pages\/22\/revisions\/328"}],"wp:attachment":[{"href":"https:\/\/www.hannelore-rexroth.de\/index.php?rest_route=%2Fwp%2Fv2%2Fmedia&parent=22"}],"curies":[{"name":"wp","href":"https:\/\/api.w.org\/{rel}","templated":true}]}}